{"id":531,"date":"2025-01-19T08:53:17","date_gmt":"2025-01-19T08:53:17","guid":{"rendered":"https:\/\/www.portgitana.ch\/welcome-to-the-auberge-port-gitana-website\/"},"modified":"2026-03-31T18:41:21","modified_gmt":"2026-03-31T18:41:21","slug":"welcome-to-the-auberge-port-gitana-website","status":"publish","type":"page","link":"https:\/\/www.portgitana.ch\/en\/","title":{"rendered":"Welcome to the Auberge Port-Gitana website"},"content":{"rendered":"<div class=\"wpb-content-wrapper\"><p>[vc_row unlock_row_content=&#8221;yes&#8221; row_height_percent=&#8221;100&#8243; back_image=&#8221;80&#8243; back_position=&#8221;center bottom&#8221; overlay_color=&#8221;color-jevc&#8221; overlay_alpha=&#8221;20&#8243; gutter_size=&#8221;3&#8243; column_width_percent=&#8221;100&#8243; shift_y=&#8221;0&#8243; z_index=&#8221;0&#8243; content_parallax=&#8221;0&#8243; uncode_shortcode_id=&#8221;144432&#8243; overlay_color_type=&#8221;uncode-palette&#8221;][vc_column column_width_percent=&#8221;100&#8243; gutter_size=&#8221;3&#8243; style=&#8221;dark&#8221; overlay_alpha=&#8221;50&#8243; shift_x=&#8221;0&#8243; shift_y=&#8221;0&#8243; shift_y_down=&#8221;0&#8243; z_index=&#8221;0&#8243; medium_width=&#8221;0&#8243; align_mobile=&#8221;align_center_mobile&#8221; mobile_width=&#8221;0&#8243; css_animation=&#8221;alpha-anim&#8221; animation_speed=&#8221;800&#8243; animation_delay=&#8221;400&#8243; parallax_intensity=&#8221;6&#8243; parallax_centered=&#8221;yes&#8221; width=&#8221;1\/1&#8243; uncode_shortcode_id=&#8221;678712&#8243;][vc_empty_space empty_h=&#8221;2&#8243;][vc_empty_space empty_h=&#8221;4&#8243; desktop_visibility=&#8221;yes&#8221;][vc_custom_heading text_color=&#8221;color-xsdn&#8221; heading_semantic=&#8221;h1&#8243; text_size=&#8221;bigtext&#8221; uncode_shortcode_id=&#8221;140082&#8243; text_color_type=&#8221;uncode-palette&#8221; el_id=&#8221;pg-main-title&#8221;]Between lake<br \/>\n&amp; mountains[\/vc_custom_heading][\/vc_column][\/vc_row][vc_row unlock_row_content=&#8221;yes&#8221; row_height_percent=&#8221;0&#8243; override_padding=&#8221;yes&#8221; h_padding=&#8221;0&#8243; top_padding=&#8221;0&#8243; bottom_padding=&#8221;0&#8243; back_color=&#8221;color-xsdn&#8221; overlay_alpha=&#8221;50&#8243; gutter_size=&#8221;3&#8243; column_width_percent=&#8221;100&#8243; shift_y=&#8221;0&#8243; z_index=&#8221;0&#8243; content_parallax=&#8221;0&#8243; uncode_shortcode_id=&#8221;242887&#8243; back_color_type=&#8221;uncode-palette&#8221;][vc_column width=&#8221;1\/1&#8243;][uncode_block id=&#8221;158&#8243; inside_column=&#8221;yes&#8221;][\/vc_column][\/vc_row][vc_row row_height_percent=&#8221;0&#8243; override_padding=&#8221;yes&#8221; h_padding=&#8221;2&#8243; top_padding=&#8221;7&#8243; bottom_padding=&#8221;7&#8243; overlay_alpha=&#8221;50&#8243; gutter_size=&#8221;3&#8243; column_width_percent=&#8221;100&#8243; shift_y=&#8221;0&#8243; z_index=&#8221;0&#8243; content_parallax=&#8221;0&#8243; uncode_shortcode_id=&#8221;478138&#8243;][vc_column column_width_percent=&#8221;90&#8243; align_horizontal=&#8221;align_center&#8221; gutter_size=&#8221;3&#8243; overlay_alpha=&#8221;50&#8243; shift_x=&#8221;0&#8243; shift_y=&#8221;0&#8243; shift_y_down=&#8221;0&#8243; z_index=&#8221;0&#8243; medium_width=&#8221;0&#8243; align_mobile=&#8221;align_center_mobile&#8221; mobile_width=&#8221;0&#8243; width=&#8221;1\/1&#8243; uncode_shortcode_id=&#8221;192453&#8243;][vc_custom_heading text_font=&#8221;font-555555&#8243; uncode_shortcode_id=&#8221;181328&#8243;]Lakeside pleasure in Geneva&#8230;[\/vc_custom_heading][vc_empty_space empty_h=&#8221;3&#8243; medium_visibility=&#8221;yes&#8221; mobile_visibility=&#8221;yes&#8221;][vc_custom_heading heading_semantic=&#8221;p&#8221; text_font=&#8221;font-126123&#8243; text_size=&#8221;fontsize-138974&#8243; text_weight=&#8221;600&#8243; text_transform=&#8221;uppercase&#8221; text_height=&#8221;fontheight-780280&#8243; text_space=&#8221;fontspace-626147&#8243; uncode_shortcode_id=&#8221;324638&#8243;]The Auberge de Port-Gitana is a true haven of tranquillity located on the shores of Lake Geneva. This 4-star boutique hotel, open year-round, features 18 rooms as well as a brasserie-bar. It also has a large terrace offering exceptional views of Mont Blanc. Nestled between the lake and the mountains, this hotel offers an authentic experience in an exceptional natural setting with direct access to the beach.[\/vc_custom_heading][\/vc_column][\/vc_row][vc_row row_height_percent=&#8221;0&#8243; override_padding=&#8221;yes&#8221; h_padding=&#8221;2&#8243; top_padding=&#8221;5&#8243; bottom_padding=&#8221;5&#8243; back_color=&#8221;color-lightbrown&#8221; overlay_alpha=&#8221;50&#8243; gutter_size=&#8221;3&#8243; column_width_percent=&#8221;100&#8243; shift_y=&#8221;0&#8243; z_index=&#8221;0&#8243; content_parallax=&#8221;0&#8243; uncode_shortcode_id=&#8221;323096&#8243; back_color_type=&#8221;uncode-palette&#8221;][vc_column column_width_percent=&#8221;100&#8243; align_horizontal=&#8221;align_center&#8221; gutter_size=&#8221;2&#8243; overlay_alpha=&#8221;50&#8243; shift_x=&#8221;0&#8243; shift_y=&#8221;0&#8243; shift_y_down=&#8221;0&#8243; z_index=&#8221;0&#8243; medium_width=&#8221;0&#8243; mobile_width=&#8221;0&#8243; width=&#8221;1\/1&#8243; uncode_shortcode_id=&#8221;115045&#8243;][vc_custom_heading text_font=&#8221;font-126123&#8243; text_size=&#8221;h3&#8243; text_weight=&#8221;600&#8243; text_transform=&#8221;uppercase&#8221; text_space=&#8221;fontspace-682174&#8243; uncode_shortcode_id=&#8221;206125&#8243; el_class=&#8221;PG-title-indent&#8221;]Rooms &amp;<br \/>\nSuites[\/vc_custom_heading][vc_empty_space empty_h=&#8221;1&#8243;][vc_gallery el_id=&#8221;gallery-880707&#8243; type=&#8221;carousel&#8221; medias=&#8221;914,916,1280&#8243; carousel_lg=&#8221;1&#8243; carousel_md=&#8221;1&#8243; carousel_sm=&#8221;1&#8243; thumb_size=&#8221;four-three&#8221; gutter_size=&#8221;3&#8243; media_items=&#8221;media|lightbox|original&#8221; carousel_height=&#8221;equal&#8221; carousel_interval=&#8221;3000&#8243; carousel_navspeed=&#8221;400&#8243; carousel_loop=&#8221;yes&#8221; advanced_nav=&#8221;yes&#8221; el_id1=&#8221;gallery-880707&#8243; stage_padding=&#8221;0&#8243; single_overlay_opacity=&#8221;1&#8243; single_image_magnetic=&#8221;yes&#8221; single_padding=&#8221;2&#8243; single_border=&#8221;yes&#8221; uncode_shortcode_id=&#8221;317326&#8243; el_class=&#8221;PG-Max-Height-Slider&#8221;][uncode_carousel_nav padding=&#8221;0&#8243; h_align=&#8221;center&#8221; arrows_skin=&#8221;dark&#8221; arrows_position=&#8221;el_absolute&#8221; arrows_v_align=&#8221;middle&#8221; arrows_padding=&#8221;1&#8243; arrow_style=&#8221;round&#8221; arrow_bg_size=&#8221;lg&#8221; icon=&#8221;fa fa-arrow-right2&#8243; animated_arrows=&#8221;yes&#8221; arrows_visibility=&#8221;yes&#8221; arrows_mobile_visibility=&#8221;yes&#8221; dots_style=&#8221;lines&#8221; dots_visibility=&#8221;yes&#8221; hide_counter=&#8221;yes&#8221; uncode_shortcode_id=&#8221;417443&#8243; target=&#8221;gallery-880707&#8243; dot_single_width=&#8221;9px&#8221; dot_single_active=&#8221;36px&#8221; dot_single_height=&#8221;9px&#8221; dot_single_space=&#8221;6px&#8221; dot_single_radius=&#8221;18px&#8221;][vc_column_text uncode_shortcode_id=&#8221;494399&#8243; el_class=&#8221;limit-width-30&#8243;]On the shores of Lake Geneva with Mont Blanc as a backdrop, the 18 rooms and suites provide a haven of peace after a day of adventure. A Riviera style, with paintings from the Geneva region carefully sourced. The subtle shades of wood blend with the gentle light of Lake Geneva to create a serene atmosphere. Their character, comfort and modern refinement, defined according to EPOCA Collection criteria, will enchant you in winter and summer alike. A perfect place to soak up the view of the lake and experience the magic of this unique setting.[\/vc_column_text][vc_empty_space empty_h=&#8221;1&#8243;][vc_button size=&#8221;btn-lg&#8221; outline=&#8221;yes&#8221; border_width=&#8221;0&#8243; link=&#8221;url:https%3A%2F%2Fwww.portgitana.ch%2Fen%2Frooms-suites%2F|title:Chambres%20et%20suites|&#8221; uncode_shortcode_id=&#8221;208444&#8243;]Discover our rooms &amp; suites[\/vc_button][\/vc_column][\/vc_row][vc_row row_height_percent=&#8221;0&#8243; override_padding=&#8221;yes&#8221; h_padding=&#8221;2&#8243; top_padding=&#8221;5&#8243; bottom_padding=&#8221;7&#8243; overlay_alpha=&#8221;50&#8243; gutter_size=&#8221;3&#8243; column_width_percent=&#8221;100&#8243; shift_y=&#8221;0&#8243; z_index=&#8221;0&#8243; content_parallax=&#8221;0&#8243; uncode_shortcode_id=&#8221;124769&#8243;][vc_column column_width_percent=&#8221;100&#8243; align_horizontal=&#8221;align_center&#8221; gutter_size=&#8221;2&#8243; overlay_alpha=&#8221;50&#8243; shift_x=&#8221;0&#8243; shift_y=&#8221;0&#8243; shift_y_down=&#8221;0&#8243; z_index=&#8221;0&#8243; medium_width=&#8221;0&#8243; mobile_width=&#8221;0&#8243; width=&#8221;1\/1&#8243; uncode_shortcode_id=&#8221;843282&#8243;][vc_custom_heading text_font=&#8221;font-126123&#8243; text_size=&#8221;h3&#8243; text_weight=&#8221;600&#8243; text_transform=&#8221;uppercase&#8221; text_space=&#8221;fontspace-682174&#8243; uncode_shortcode_id=&#8221;806997&#8243; el_class=&#8221;PG-title-indent&#8221;]Auberge<br \/>\nRestaurant[\/vc_custom_heading][vc_empty_space empty_h=&#8221;1&#8243;][vc_gallery el_id=&#8221;gallery-8807080&#8243; type=&#8221;carousel&#8221; medias=&#8221;910,1035,908&#8243; carousel_lg=&#8221;1&#8243; carousel_md=&#8221;1&#8243; carousel_sm=&#8221;1&#8243; thumb_size=&#8221;four-three&#8221; gutter_size=&#8221;3&#8243; media_items=&#8221;media|lightbox|original&#8221; carousel_interval=&#8221;3000&#8243; carousel_navspeed=&#8221;400&#8243; carousel_loop=&#8221;yes&#8221; advanced_nav=&#8221;yes&#8221; el_id1=&#8221;gallery-8807080&#8243; stage_padding=&#8221;0&#8243; single_overlay_opacity=&#8221;1&#8243; single_image_magnetic=&#8221;yes&#8221; single_padding=&#8221;2&#8243; single_border=&#8221;yes&#8221; uncode_shortcode_id=&#8221;188901&#8243;][uncode_carousel_nav padding=&#8221;0&#8243; h_align=&#8221;center&#8221; arrows_skin=&#8221;dark&#8221; arrows_position=&#8221;el_absolute&#8221; arrows_v_align=&#8221;middle&#8221; arrows_padding=&#8221;1&#8243; arrow_style=&#8221;round&#8221; arrow_bg_size=&#8221;lg&#8221; icon=&#8221;fa fa-arrow-right2&#8243; animated_arrows=&#8221;yes&#8221; arrows_visibility=&#8221;yes&#8221; arrows_mobile_visibility=&#8221;yes&#8221; dots_style=&#8221;lines&#8221; dots_visibility=&#8221;yes&#8221; hide_counter=&#8221;yes&#8221; uncode_shortcode_id=&#8221;151972&#8243; target=&#8221;gallery-8807080&#8243; dot_single_width=&#8221;9px&#8221; dot_single_active=&#8221;36px&#8221; dot_single_height=&#8221;9px&#8221; dot_single_radius=&#8221;18px&#8221; dot_single_space=&#8221;6px&#8221;][vc_column_text uncode_shortcode_id=&#8221;162738&#8243; el_class=&#8221;limit-width-30&#8243;]Stepping into the Brasserie de Port-Gitana means immersing yourself in a comfortable and welcoming setting, just minutes from Geneva, where fine materials and lighting create a unique and timeless atmosphere. You can relax on the shaded terrace, lulled by the Lake Geneva breeze\u2026 Here, time seems to stand still, and you instantly feel at home.<\/p>\n<p>At the table, apparent simplicity conceals meticulous attention to detail. The Restaurant de Port-Gitana showcases fresh, local, and seasonal produce, enhanced by authentic expertise. The dishes celebrate comforting classics with a creative twist.<\/p>\n<p>And to accompany the menu\u2026 an eclectic and carefully curated wine cellar.[\/vc_column_text][vc_empty_space empty_h=&#8221;1&#8243;][vc_button size=&#8221;btn-lg&#8221; outline=&#8221;yes&#8221; border_width=&#8221;0&#8243; link=&#8221;url:https%3A%2F%2Fwww.portgitana.ch%2Fbrasserie-bar%2F|title:Brasserie%20%26%20Bar|&#8221; uncode_shortcode_id=&#8221;103161&#8243;]Discover our Inn-Restaurant[\/vc_button][vc_button size=&#8221;btn-lg&#8221; border_width=&#8221;0&#8243; link=&#8221;url:https%3A%2F%2Fwww.portgitana.ch%2Fen%2Flinktree-cartes-et-menus%2F|title:D%C3%A9couvrir%20notre%20carte%20midi|&#8221; uncode_shortcode_id=&#8221;115388&#8243;]Nos cartes et menus[\/vc_button][vc_empty_space empty_h=&#8221;2&#8243; desktop_visibility=&#8221;yes&#8221;][\/vc_column][\/vc_row][vc_row row_height_percent=&#8221;0&#8243; override_padding=&#8221;yes&#8221; h_padding=&#8221;2&#8243; top_padding=&#8221;6&#8243; bottom_padding=&#8221;6&#8243; back_image=&#8221;731&#8243; back_position=&#8221;center center&#8221; parallax=&#8221;yes&#8221; overlay_color=&#8221;color-jevc&#8221; overlay_alpha=&#8221;45&#8243; gutter_size=&#8221;3&#8243; column_width_percent=&#8221;100&#8243; shift_y=&#8221;0&#8243; z_index=&#8221;0&#8243; content_parallax=&#8221;0&#8243; uncode_shortcode_id=&#8221;109843&#8243; overlay_color_type=&#8221;uncode-palette&#8221;][vc_column column_width_percent=&#8221;100&#8243; position_vertical=&#8221;middle&#8221; align_horizontal=&#8221;align_center&#8221; gutter_size=&#8221;3&#8243; style=&#8221;dark&#8221; overlay_alpha=&#8221;50&#8243; shift_x=&#8221;0&#8243; shift_y=&#8221;0&#8243; shift_y_down=&#8221;0&#8243; z_index=&#8221;0&#8243; medium_width=&#8221;0&#8243; mobile_width=&#8221;0&#8243; width=&#8221;1\/1&#8243; uncode_shortcode_id=&#8221;177487&#8243;][vc_empty_space empty_h=&#8221;2&#8243; desktop_visibility=&#8221;yes&#8221;][vc_custom_heading text_size=&#8221;h3&#8243; uncode_shortcode_id=&#8221;157416&#8243;]A unique setting in Geneva[\/vc_custom_heading][vc_column_text text_lead=&#8221;yes&#8221; uncode_shortcode_id=&#8221;192961&#8243;]Port-Gitana, an iconic location on the Lake Geneva Riviera from the 1930s to the 1970s, is located just 20 metres from the lake and offers breathtaking views of Mont Blanc. This idyllic place, which has welcomed celebrities such as Louis de Fun\u00e8s and Jeanne Moreau, is perfect for admiring Lake Geneva\u2019s natural beauty and is a haven of peace just minutes from Geneva.<\/p>\n<p>Ideal for a rejuvenating break between arriving at Geneva airport, heading off to the Alps, or a welcome break from everyday life. This place combines charm and serenity, offering a unique experience to relax and enjoy the activities the lake has to offer.[\/vc_column_text][vc_button size=&#8221;btn-lg&#8221; outline=&#8221;yes&#8221; border_width=&#8221;0&#8243; link=&#8221;url:https%3A%2F%2Fwww.portgitana.ch%2Fen%2Fport-gitana%2F|title:Port-Gitana|&#8221; uncode_shortcode_id=&#8221;179060&#8243;]En savoir plus[\/vc_button][vc_empty_space empty_h=&#8221;2&#8243; desktop_visibility=&#8221;yes&#8221;][\/vc_column][\/vc_row][vc_row row_height_percent=&#8221;0&#8243; override_padding=&#8221;yes&#8221; h_padding=&#8221;2&#8243; top_padding=&#8221;5&#8243; bottom_padding=&#8221;2&#8243; overlay_alpha=&#8221;50&#8243; gutter_size=&#8221;3&#8243; column_width_percent=&#8221;100&#8243; shift_y=&#8221;0&#8243; z_index=&#8221;0&#8243; content_parallax=&#8221;0&#8243; uncode_shortcode_id=&#8221;108697&#8243;][vc_column column_width_percent=&#8221;90&#8243; align_horizontal=&#8221;align_center&#8221; gutter_size=&#8221;3&#8243; overlay_alpha=&#8221;50&#8243; shift_x=&#8221;0&#8243; shift_y=&#8221;0&#8243; shift_y_down=&#8221;0&#8243; z_index=&#8221;0&#8243; medium_width=&#8221;0&#8243; mobile_width=&#8221;0&#8243; width=&#8221;1\/1&#8243; uncode_shortcode_id=&#8221;662896&#8243;][vc_empty_space empty_h=&#8221;2&#8243; medium_visibility=&#8221;yes&#8221; mobile_visibility=&#8221;yes&#8221;][vc_custom_heading text_font=&#8221;font-126123&#8243; text_size=&#8221;h3&#8243; text_weight=&#8221;600&#8243; text_transform=&#8221;uppercase&#8221; text_space=&#8221;fontspace-682174&#8243; uncode_shortcode_id=&#8221;168486&#8243; el_class=&#8221;PG-reduct-title&#8221;]Private &amp;<br \/>\nProfessional events[\/vc_custom_heading][vc_column_text uncode_shortcode_id=&#8221;753468&#8243;]For an exclusive and personalised experience, the Port-Gitana boutique hotel offers the possibility to privatize its spaces for private and professional events. Located near Geneva, this elegant hotel offers an ideal setting for business meetings, seminars or private celebrations.[\/vc_column_text][\/vc_column][\/vc_row][vc_row row_height_percent=&#8221;0&#8243; override_padding=&#8221;yes&#8221; h_padding=&#8221;2&#8243; top_padding=&#8221;0&#8243; bottom_padding=&#8221;5&#8243; overlay_alpha=&#8221;50&#8243; gutter_size=&#8221;3&#8243; column_width_percent=&#8221;100&#8243; shift_y=&#8221;0&#8243; z_index=&#8221;0&#8243; content_parallax=&#8221;0&#8243; uncode_shortcode_id=&#8221;112239&#8243;][vc_column column_width_percent=&#8221;100&#8243; align_horizontal=&#8221;align_center&#8221; gutter_size=&#8221;2&#8243; overlay_alpha=&#8221;50&#8243; shift_x=&#8221;0&#8243; shift_y=&#8221;0&#8243; shift_y_down=&#8221;0&#8243; z_index=&#8221;0&#8243; medium_width=&#8221;0&#8243; mobile_width=&#8221;0&#8243; width=&#8221;1\/1&#8243; uncode_shortcode_id=&#8221;709776&#8243;][vc_gallery el_id=&#8221;gallery-88070962&#8243; type=&#8221;carousel&#8221; medias=&#8221;960,962,966,964&#8243; carousel_lg=&#8221;3&#8243; carousel_md=&#8221;3&#8243; carousel_sm=&#8221;1&#8243; thumb_size=&#8221;four-five&#8221; gutter_size=&#8221;3&#8243; media_items=&#8221;media|lightbox|original&#8221; carousel_interval=&#8221;3000&#8243; carousel_navspeed=&#8221;400&#8243; carousel_loop=&#8221;yes&#8221; advanced_nav=&#8221;yes&#8221; el_id1=&#8221;gallery-88070962&#8243; stage_padding=&#8221;0&#8243; single_overlay_opacity=&#8221;1&#8243; single_image_magnetic=&#8221;yes&#8221; single_padding=&#8221;2&#8243; single_border=&#8221;yes&#8221; uncode_shortcode_id=&#8221;812643&#8243;][uncode_carousel_nav padding=&#8221;0&#8243; h_align=&#8221;center&#8221; hide_arrows=&#8221;yes&#8221; dots_style=&#8221;lines&#8221; dots_visibility=&#8221;yes&#8221; hide_counter=&#8221;yes&#8221; uncode_shortcode_id=&#8221;114449&#8243; target=&#8221;gallery-88070962&#8243; dot_single_width=&#8221;9px&#8221; dot_single_active=&#8221;36px&#8221; dot_single_height=&#8221;9px&#8221; dot_single_radius=&#8221;18px&#8221; dot_single_space=&#8221;6px&#8221;][vc_button size=&#8221;btn-lg&#8221; outline=&#8221;yes&#8221; border_width=&#8221;0&#8243; link=&#8221;url:mailto%3Aevents%40portgitana.ch|title:Contact|&#8221; uncode_shortcode_id=&#8221;424205&#8243;]Contact us[\/vc_button][\/vc_column][\/vc_row][vc_row row_height_percent=&#8221;0&#8243; override_padding=&#8221;yes&#8221; h_padding=&#8221;2&#8243; top_padding=&#8221;0&#8243; bottom_padding=&#8221;2&#8243; back_color=&#8221;color-lightbrown&#8221; overlay_alpha=&#8221;50&#8243; gutter_size=&#8221;0&#8243; column_width_percent=&#8221;100&#8243; shift_y=&#8221;0&#8243; z_index=&#8221;0&#8243; content_parallax=&#8221;0&#8243; uncode_shortcode_id=&#8221;844609&#8243; back_color_type=&#8221;uncode-palette&#8221; el_class=&#8221;PG-main-map&#8221;][vc_column column_width_percent=&#8221;100&#8243; position_vertical=&#8221;middle&#8221; gutter_size=&#8221;2&#8243; overlay_alpha=&#8221;50&#8243; shift_x=&#8221;0&#8243; shift_y=&#8221;0&#8243; shift_y_down=&#8221;0&#8243; z_index=&#8221;0&#8243; align_medium=&#8221;align_center_tablet&#8221; medium_width=&#8221;0&#8243; align_mobile=&#8221;align_center_mobile&#8221; mobile_width=&#8221;0&#8243; width=&#8221;1\/3&#8243; uncode_shortcode_id=&#8221;727793&#8243;][vc_empty_space empty_h=&#8221;3&#8243;][vc_custom_heading text_size=&#8221;h5&#8243; uncode_shortcode_id=&#8221;908183&#8243;]A property[\/vc_custom_heading][vc_custom_heading text_font=&#8221;font-126123&#8243; text_size=&#8221;h5&#8243; text_weight=&#8221;600&#8243; text_transform=&#8221;uppercase&#8221; text_space=&#8221;fontspace-682174&#8243; uncode_shortcode_id=&#8221;629121&#8243;]Gourmet Brothers Group[\/vc_custom_heading][vc_empty_space empty_h=&#8221;1&#8243;][vc_column_text uncode_shortcode_id=&#8221;167264&#8243;]Gourmet Brothers Group is a pioneering hospitality company in French-speaking Switzerland, founded by Benjamin Luzuy, Marie Luzuy, and Paul Cassigneul. With the rapid expansion of its establishments, the group aims to reinvent the hospitality sector to offer unforgettable experiences to its guests. Drawing on our initial expertise in catering, we cultivate a passion for high-quality local products, a keen sense of service, and bold creativity.<\/p>\n<p>These values inspire the five pillars of our group: Catering, Restaurants, Hotel, Pastry and Consulting.[\/vc_column_text][vc_empty_space empty_h=&#8221;1&#8243;][vc_button size=&#8221;btn-lg&#8221; outline=&#8221;yes&#8221; border_width=&#8221;0&#8243; link=&#8221;url:https%3A%2F%2Fwww.gourmetbrothersgroupe.ch%2F|title:En%20savoir%20plus|target:_blank|&#8221; uncode_shortcode_id=&#8221;620539&#8243;]En savoir plus[\/vc_button][vc_empty_space empty_h=&#8221;3&#8243; mobile_visibility=&#8221;yes&#8221;][\/vc_column][vc_column column_width_percent=&#8221;100&#8243; position_vertical=&#8221;middle&#8221; gutter_size=&#8221;3&#8243; override_padding=&#8221;yes&#8221; column_padding=&#8221;0&#8243; overlay_alpha=&#8221;50&#8243; shift_x=&#8221;0&#8243; shift_y=&#8221;0&#8243; shift_y_down=&#8221;0&#8243; z_index=&#8221;0&#8243; medium_width=&#8221;0&#8243; mobile_width=&#8221;0&#8243; width=&#8221;2\/3&#8243; uncode_shortcode_id=&#8221;198412&#8243;][vc_single_image media=&#8221;1629&#8243; media_width_percent=&#8221;100&#8243; uncode_shortcode_id=&#8221;259030&#8243;][vc_empty_space empty_h=&#8221;3&#8243; desktop_visibility=&#8221;yes&#8221;][\/vc_column][\/vc_row]<\/p>\n<\/div>","protected":false},"excerpt":{"rendered":"<p>[vc_row unlock_row_content=&#8221;yes&#8221; row_height_percent=&#8221;100&#8243; back_image=&#8221;80&#8243; back_position=&#8221;center bottom&#8221; overlay_color=&#8221;color-jevc&#8221; overlay_alpha=&#8221;20&#8243; gutter_size=&#8221;3&#8243; column_width_percent=&#8221;100&#8243; shift_y=&#8221;0&#8243; z_index=&#8221;0&#8243; content_parallax=&#8221;0&#8243; uncode_shortcode_id=&#8221;144432&#8243; overlay_color_type=&#8221;uncode-palette&#8221;][vc_column column_width_percent=&#8221;100&#8243; gutter_size=&#8221;3&#8243; style=&#8221;dark&#8221; overlay_alpha=&#8221;50&#8243; shift_x=&#8221;0&#8243; [&hellip;]<\/p>\n","protected":false},"author":1,"featured_media":0,"parent":0,"menu_order":10,"comment_status":"closed","ping_status":"closed","template":"","meta":{"_seopress_robots_primary_cat":"","_seopress_titles_title":"Boutique H\u00f4tel Port Gitana I Gen\u00e8ve","_seopress_titles_desc":"L'Auberge de Port-Gitana, boutique h\u00f4tel 4 \u00e9toiles, ouvert toute l'ann\u00e9e, abrite 18 chambres ainsi qu\u2019une brasserie-bar, aux portes de Gen\u00e8ve.","_seopress_robots_index":"","_seopress_analysis_target_kw":"","footnotes":""},"class_list":["post-531","page","type-page","status-publish","hentry"],"_links":{"self":[{"href":"https:\/\/www.portgitana.ch\/en\/wp-json\/wp\/v2\/pages\/531","targetHints":{"allow":["GET"]}}],"collection":[{"href":"https:\/\/www.portgitana.ch\/en\/wp-json\/wp\/v2\/pages"}],"about":[{"href":"https:\/\/www.portgitana.ch\/en\/wp-json\/wp\/v2\/types\/page"}],"author":[{"embeddable":true,"href":"https:\/\/www.portgitana.ch\/en\/wp-json\/wp\/v2\/users\/1"}],"replies":[{"embeddable":true,"href":"https:\/\/www.portgitana.ch\/en\/wp-json\/wp\/v2\/comments?post=531"}],"version-history":[{"count":75,"href":"https:\/\/www.portgitana.ch\/en\/wp-json\/wp\/v2\/pages\/531\/revisions"}],"predecessor-version":[{"id":1633,"href":"https:\/\/www.portgitana.ch\/en\/wp-json\/wp\/v2\/pages\/531\/revisions\/1633"}],"wp:attachment":[{"href":"https:\/\/www.portgitana.ch\/en\/wp-json\/wp\/v2\/media?parent=531"}],"curies":[{"name":"wp","href":"https:\/\/api.w.org\/{rel}","templated":true}]}}